{"id":65746,"date":"2024-03-07T22:44:24","date_gmt":"2024-03-07T20:44:24","guid":{"rendered":"https:\/\/www.r5m.org\/warenkorb\/"},"modified":"2024-03-07T22:44:24","modified_gmt":"2024-03-07T20:44:24","slug":"warenkorb","status":"publish","type":"page","link":"https:\/\/www.r5m.org\/en\/warenkorb\/","title":{"rendered":"shopping cart"},"content":{"rendered":"<div data-block-name=\"woocommerce\/cart\" class=\"wp-block-woocommerce-cart alignwide is-loading\">\n<div data-block-name=\"woocommerce\/filled-cart-block\" class=\"wp-block-woocommerce-filled-cart-block\">\n<div data-block-name=\"woocommerce\/cart-items-block\" class=\"wp-block-woocommerce-cart-items-block\">\n<div data-block-name=\"woocommerce\/cart-line-items-block\" class=\"wp-block-woocommerce-cart-line-items-block\"><\/div>\n\n\n\n<div data-block-name=\"woocommerce\/cart-cross-sells-block\" class=\"wp-block-woocommerce-cart-cross-sells-block\">\n<h2 class=\"wp-block-heading has-large-font-size\">This might interest you...<\/h2>\n\n\n\n<div data-block-name=\"woocommerce\/cart-cross-sells-products-block\" class=\"wp-block-woocommerce-cart-cross-sells-products-block\"><\/div>\n<\/div>\n<\/div>\n\n\n\n<div data-block-name=\"woocommerce\/cart-totals-block\" class=\"wp-block-woocommerce-cart-totals-block\"><div data-block-name=\"woocommerce-germanized\/cart-summary-item\" class=\"wp-block-woocommerce-germanized-cart-summary-item\"><\/div>\n<div data-block-name=\"woocommerce\/cart-order-summary-block\" class=\"wp-block-woocommerce-cart-order-summary-block\">\n<div data-block-name=\"woocommerce\/cart-order-summary-heading-block\" class=\"wp-block-woocommerce-cart-order-summary-heading-block\"><\/div><div data-block-name=\"woocommerce\/cart-order-summary-coupon-form-block\" class=\"wp-block-woocommerce-cart-order-summary-coupon-form-block\"><\/div><div data-block-name=\"woocommerce\/cart-order-summary-totals-block\" class=\"wp-block-woocommerce-cart-order-summary-totals-block\">\n<div data-block-name=\"woocommerce\/cart-order-summary-subtotal-block\" class=\"wp-block-woocommerce-cart-order-summary-subtotal-block\"><\/div>\n<div data-block-name=\"woocommerce\/cart-order-summary-discount-block\" class=\"wp-block-woocommerce-cart-order-summary-discount-block\"><\/div>\n<div data-block-name=\"woocommerce\/cart-order-summary-fee-block\" class=\"wp-block-woocommerce-cart-order-summary-fee-block\"><\/div>\n<div data-block-name=\"woocommerce\/cart-order-summary-shipping-block\" class=\"wp-block-woocommerce-cart-order-summary-shipping-block\"><\/div>\n<div data-block-name=\"woocommerce\/cart-order-summary-taxes-block\" class=\"wp-block-woocommerce-cart-order-summary-taxes-block\"><\/div><\/div>\n<\/div>\n\n\n\n<div data-block-name=\"woocommerce-paypal-payments\/cart-paylater-messages\" data-pp-placement=\"cart\" data-pp-style-layout=\"text\" data-pp-style-logo-position=\"left\" data-pp-style-logo-type=\"inline\" data-pp-style-text-color=\"black\" data-pp-style-text-size=\"12\" id=\"ppcp-cart-paylater-messages\" class=\"ppcp-messages\" data-partner-attribution-id=\"Woo_PPCP\"><\/div><div data-block-name=\"woocommerce\/cart-express-payment-block\" class=\"wp-block-woocommerce-cart-express-payment-block\"><\/div>\n\n\n\n<div data-block-name=\"woocommerce\/proceed-to-checkout-block\" class=\"wp-block-woocommerce-proceed-to-checkout-block\"><\/div>\n\n\n\n<div data-block-name=\"woocommerce\/cart-accepted-payment-methods-block\" class=\"wp-block-woocommerce-cart-accepted-payment-methods-block\"><\/div>\n<\/div>\n<\/div>\n\n\n\n<div data-block-name=\"woocommerce\/empty-cart-block\" class=\"wp-block-woocommerce-empty-cart-block\">\n<h2 class=\"wp-block-heading has-text-align-center with-empty-cart-icon wc-block-cart__empty-cart__title\">Your shopping cart is currently empty!<\/h2>\n\n\n\n<hr class=\"wp-block-separator has-alpha-channel-opacity is-style-dots\"\/>\n\n\n\n<h2 class=\"wp-block-heading has-text-align-center\">New in the shop<\/h2>\n\n\n<div data-block-name=\"woocommerce\/product-new\" data-columns=\"4\" data-rows=\"1\" class=\"wc-block-grid wp-block-product-new wp-block-woocommerce-product-new wc-block-product-new has-4-columns\"><ul class=\"wc-block-grid__products\"><li class=\"wc-block-grid__product\">\n\t\t\t\t<a href=\"https:\/\/www.r5m.org\/en\/product\/professionelle-remix-produktion-fuer-musiker-bands\/\" class=\"wc-block-grid__product-link\">\n\t\t\t\t\t\n\t\t\t\t\t<div class=\"wc-block-grid__product-image\"><img decoding=\"async\" width=\"300\" height=\"300\" src=\"https:\/\/www.r5m.org\/wp-content\/uploads\/2024\/04\/musikproduktion-muenchen-radar-five-media-300x300.jpg\" class=\"attachment-woocommerce_thumbnail size-woocommerce_thumbnail\" alt=\"Musikproduktion M&uuml;nchen - Radar Five Media\" srcset=\"https:\/\/www.r5m.org\/wp-content\/uploads\/2024\/04\/musikproduktion-muenchen-radar-five-media-66x66.jpg 66w, https:\/\/www.r5m.org\/wp-content\/uploads\/2024\/04\/musikproduktion-muenchen-radar-five-media-200x200.jpg 200w, https:\/\/www.r5m.org\/wp-content\/uploads\/2024\/04\/musikproduktion-muenchen-radar-five-media-300x300.jpg 300w\" sizes=\"(max-width: 300px) 100vw, 300px\"><\/div>\n\t\t\t\t\t<div class=\"wc-block-grid__product-title\">Professional remix production for musicians &amp; bands<\/div>\n\t\t\t\t<\/a>\n\t\t\t\t<div class=\"wc-block-grid__product-price price\"><span class=\"woocommerce-Price-amount amount\">400,00&nbsp;<span class=\"woocommerce-Price-currencySymbol\">\u20ac<\/span><\/span><\/div><p class=\"wc-gzd-additional-info wc-gzd-additional-info-loop small-business-info\">No VAT identification, as small business according to \u00a719 (1) UStG.<\/p>\n\t\t\t\t\n\t\t\t\t<div class=\"wp-block-button wc-block-grid__product-add-to-cart\"><a href=\"\/en\/wp-json\/wp\/v2\/pages\/65746?add-to-cart=68045\" aria-label=\"Add to basket: \u201cProfessionelle Remix-Produktion f\u00fcr Musiker &amp; Bands\u201d\" data-quantity=\"1\" data-product_id=\"68045\" data-product_sku=\"remix-eines-songs\" data-price=\"400\" rel=\"nofollow\" class=\"wp-block-button__link  add_to_cart_button ajax_add_to_cart\" data-no-translation=\"\" data-trp-gettext=\"\" data-no-translation-aria-label=\"\">Add to basket<\/a><\/div>\n\t\t\t<\/li>\n<li class=\"wc-block-grid__product\">\n\t\t\t\t<a href=\"https:\/\/www.r5m.org\/en\/product\/generative-ki-mit-leonardo-ai-online-schulung-fur-einsteiger-grundlagen\/\" class=\"wc-block-grid__product-link\">\n\t\t\t\t\t\n\t\t\t\t\t<div class=\"wc-block-grid__product-image\"><img decoding=\"async\" width=\"300\" height=\"300\" src=\"https:\/\/www.r5m.org\/wp-content\/uploads\/2024\/10\/Leonardo_ai-generative_KI-online-kurs-300x300.jpg\" class=\"attachment-woocommerce_thumbnail size-woocommerce_thumbnail\" alt=\"Generative KI - Online-kurs R5M\" srcset=\"https:\/\/www.r5m.org\/wp-content\/uploads\/2024\/10\/Leonardo_ai-generative_KI-online-kurs-66x66.jpg 66w, https:\/\/www.r5m.org\/wp-content\/uploads\/2024\/10\/Leonardo_ai-generative_KI-online-kurs-200x200.jpg 200w, https:\/\/www.r5m.org\/wp-content\/uploads\/2024\/10\/Leonardo_ai-generative_KI-online-kurs-300x300.jpg 300w, https:\/\/www.r5m.org\/wp-content\/uploads\/2024\/10\/Leonardo_ai-generative_KI-online-kurs-400x400.jpg 400w, https:\/\/www.r5m.org\/wp-content\/uploads\/2024\/10\/Leonardo_ai-generative_KI-online-kurs-600x600.jpg 600w, https:\/\/www.r5m.org\/wp-content\/uploads\/2024\/10\/Leonardo_ai-generative_KI-online-kurs.jpg 700w\" sizes=\"(max-width: 300px) 100vw, 300px\"><\/div>\n\t\t\t\t\t<div class=\"wc-block-grid__product-title\">Generative AI with Leonardo.ai \u2013 Online Training for Beginners \u2013 Basics<\/div>\n\t\t\t\t<\/a>\n\t\t\t\t<div class=\"wc-block-grid__product-price price\"><span class=\"woocommerce-Price-amount amount\">80,00&nbsp;<span class=\"woocommerce-Price-currencySymbol\">\u20ac<\/span><\/span><\/div><p class=\"wc-gzd-additional-info wc-gzd-additional-info-loop small-business-info\">No VAT identification, as small business according to \u00a719 (1) UStG.<\/p>\n\t\t\t\t\n\t\t\t\t<div class=\"wp-block-button wc-block-grid__product-add-to-cart\"><a href=\"\/en\/wp-json\/wp\/v2\/pages\/65746?add-to-cart=67135\" aria-label=\"Add to basket: \u201cGenerative KI mit Leonardo.ai - Online Schulung f\u00fcr Einsteiger - Grundlagen\u201d\" data-quantity=\"1\" data-product_id=\"67135\" data-product_sku=\"wordpress-online-schulung-fur-einsteiger-1\" data-price=\"80\" rel=\"nofollow\" class=\"wp-block-button__link  add_to_cart_button ajax_add_to_cart\" data-no-translation=\"\" data-trp-gettext=\"\" data-no-translation-aria-label=\"\">Add to basket<\/a><\/div>\n\t\t\t<\/li>\n<li class=\"wc-block-grid__product\">\n\t\t\t\t<a href=\"https:\/\/www.r5m.org\/en\/product\/wordpress-online-schulung-fuer-einsteiger-grundlagen-lernen-wie-wordpress-funktioniert\/\" class=\"wc-block-grid__product-link\">\n\t\t\t\t\t\n\t\t\t\t\t<div class=\"wc-block-grid__product-image\"><img decoding=\"async\" width=\"300\" height=\"300\" src=\"https:\/\/www.r5m.org\/wp-content\/uploads\/2024\/06\/WordPress_Schulungen-300x300.jpg\" class=\"attachment-woocommerce_thumbnail size-woocommerce_thumbnail\" alt=\"WordPress Schulung Online\" srcset=\"https:\/\/www.r5m.org\/wp-content\/uploads\/2024\/06\/WordPress_Schulungen-200x200.jpg 200w, https:\/\/www.r5m.org\/wp-content\/uploads\/2024\/06\/WordPress_Schulungen-300x300.jpg 300w\" sizes=\"(max-width: 300px) 100vw, 300px\"><\/div>\n\t\t\t\t\t<div class=\"wc-block-grid__product-title\">WordPress online training for beginners \u2013 basics \u2013 learn how WordPress works.<\/div>\n\t\t\t\t<\/a>\n\t\t\t\t<div class=\"wc-block-grid__product-price price\"><span class=\"woocommerce-Price-amount amount\">160,00&nbsp;<span class=\"woocommerce-Price-currencySymbol\">\u20ac<\/span><\/span><\/div><p class=\"wc-gzd-additional-info wc-gzd-additional-info-loop small-business-info\">No VAT identification, as small business according to \u00a719 (1) UStG.<\/p>\n\t\t\t\t\n\t\t\t\t<div class=\"wp-block-button wc-block-grid__product-add-to-cart\"><a href=\"\/en\/wp-json\/wp\/v2\/pages\/65746?add-to-cart=66086\" aria-label=\"Add to basket: \u201cWordPress Online Schulung f\u00fcr Einsteiger - Grundlagen - Lernen wie WordPress funktioniert.\u201d\" data-quantity=\"1\" data-product_id=\"66086\" data-product_sku=\"wordpress-online-schulung-fur-einsteiger\" data-price=\"160\" rel=\"nofollow\" class=\"wp-block-button__link  add_to_cart_button ajax_add_to_cart\" data-no-translation=\"\" data-trp-gettext=\"\" data-no-translation-aria-label=\"\">Add to basket<\/a><\/div>\n\t\t\t<\/li>\n<li class=\"wc-block-grid__product\">\n\t\t\t\t<a href=\"https:\/\/www.r5m.org\/en\/product\/elektronische-musikproduktion-fuer-anfaenger-einfuehrungskurs-60-minuten\/\" class=\"wc-block-grid__product-link\">\n\t\t\t\t\t\n\t\t\t\t\t<div class=\"wc-block-grid__product-image\"><img decoding=\"async\" width=\"300\" height=\"300\" src=\"https:\/\/www.r5m.org\/wp-content\/uploads\/2022\/02\/gear_2-300x300.jpg\" class=\"attachment-woocommerce_thumbnail size-woocommerce_thumbnail\" alt=\"Musik Equipment\" srcset=\"https:\/\/www.r5m.org\/wp-content\/uploads\/2022\/02\/gear_2-66x66.jpg 66w, https:\/\/www.r5m.org\/wp-content\/uploads\/2022\/02\/gear_2-200x200.jpg 200w, https:\/\/www.r5m.org\/wp-content\/uploads\/2022\/02\/gear_2-300x300.jpg 300w, https:\/\/www.r5m.org\/wp-content\/uploads\/2022\/02\/gear_2-400x400.jpg 400w, https:\/\/www.r5m.org\/wp-content\/uploads\/2022\/02\/gear_2-600x600.jpg 600w, https:\/\/www.r5m.org\/wp-content\/uploads\/2022\/02\/gear_2-768x768.jpg 768w, https:\/\/www.r5m.org\/wp-content\/uploads\/2022\/02\/gear_2-800x800.jpg 800w, https:\/\/www.r5m.org\/wp-content\/uploads\/2022\/02\/gear_2.jpg 960w\" sizes=\"(max-width: 300px) 100vw, 300px\"><\/div>\n\t\t\t\t\t<div class=\"wc-block-grid__product-title\">Electronic Music Production for Beginners: Introductory Course (60 minutes)<\/div>\n\t\t\t\t<\/a>\n\t\t\t\t<div class=\"wc-block-grid__product-price price\"><span class=\"woocommerce-Price-amount amount\">80,00&nbsp;<span class=\"woocommerce-Price-currencySymbol\">\u20ac<\/span><\/span><\/div><p class=\"wc-gzd-additional-info wc-gzd-additional-info-loop small-business-info\">No VAT identification, as small business according to \u00a719 (1) UStG.<\/p>\n\t\t\t\t\n\t\t\t\t<div class=\"wp-block-button wc-block-grid__product-add-to-cart\"><a href=\"\/en\/wp-json\/wp\/v2\/pages\/65746?add-to-cart=65818\" aria-label=\"Add to basket: \u201cElektronische Musikproduktion f\u00fcr Anf\u00e4nger: Einf\u00fchrungskurs (60 Minuten)\u201d\" data-quantity=\"1\" data-product_id=\"65818\" data-product_sku=\"elektronische-musikproduktion-fur-anfanger-einfuhrungskurs\" data-price=\"80\" rel=\"nofollow\" class=\"wp-block-button__link  add_to_cart_button ajax_add_to_cart\" data-no-translation=\"\" data-trp-gettext=\"\" data-no-translation-aria-label=\"\">Add to basket<\/a><\/div>\n\t\t\t<\/li>\n<\/ul><\/div><\/div>\n<\/div>","protected":false},"excerpt":{"rendered":"","protected":false},"author":1,"featured_media":0,"parent":0,"menu_order":0,"comment_status":"closed","ping_status":"closed","template":"","meta":{"footnotes":""},"class_list":["post-65746","page","type-page","status-publish","hentry"],"_links":{"self":[{"href":"https:\/\/www.r5m.org\/en\/wp-json\/wp\/v2\/pages\/65746","targetHints":{"allow":["GET"]}}],"collection":[{"href":"https:\/\/www.r5m.org\/en\/wp-json\/wp\/v2\/pages"}],"about":[{"href":"https:\/\/www.r5m.org\/en\/wp-json\/wp\/v2\/types\/page"}],"author":[{"embeddable":true,"href":"https:\/\/www.r5m.org\/en\/wp-json\/wp\/v2\/users\/1"}],"replies":[{"embeddable":true,"href":"https:\/\/www.r5m.org\/en\/wp-json\/wp\/v2\/comments?post=65746"}],"version-history":[{"count":0,"href":"https:\/\/www.r5m.org\/en\/wp-json\/wp\/v2\/pages\/65746\/revisions"}],"wp:attachment":[{"href":"https:\/\/www.r5m.org\/en\/wp-json\/wp\/v2\/media?parent=65746"}],"curies":[{"name":"wp","href":"https:\/\/api.w.org\/{rel}","templated":true}]}}